{"id":8767,"date":"2022-10-24T13:24:37","date_gmt":"2022-10-24T18:24:37","guid":{"rendered":"https:\/\/www.pleguimex.mx\/?post_type=product&#038;p=8767"},"modified":"2022-10-24T13:34:39","modified_gmt":"2022-10-24T18:34:39","slug":"tablon-infantil-fibra-de-vidrio","status":"publish","type":"product","link":"https:\/\/pleguimex.mx\/?product=tablon-infantil-fibra-de-vidrio","title":{"rendered":"Tabl\u00f3n infantil de fibra de vidrio"},"content":{"rendered":"<p>Tabl\u00f3n infantil para fiestas u eventos, perfecto para ni\u00f1os peque\u00f1os tiene 50 cm de altura por lo que es ideal para ellos<\/p>\n","protected":false},"excerpt":{"rendered":"<p>Cubierta en fibra de vidrio<br \/>\nResistente a la humedad<br \/>\nTubo de acero en perfil de 1 1\u20444 x 3\u20444 cal 20<br \/>\nPatas en tubo redondo de 1\u201d calibre 20<br \/>\nPintura horneada electrost\u00e1tica<br \/>\nCubre canto de aluminio<\/p>\n","protected":false},"featured_media":8769,"template":"","meta":{"_uag_custom_page_level_css":"","site-sidebar-layout":"default","site-content-layout":"content-boxed-container","ast-site-content-layout":"default","site-content-style":"default","site-sidebar-style":"default","ast-global-header-display":"","ast-banner-title-visibility":"","ast-main-header-display":"","ast-hfb-above-header-display":"","ast-hfb-below-header-display":"","ast-hfb-mobile-header-display":"","site-post-title":"","ast-breadcrumbs-content":"","ast-featured-img":"","footer-sml-layout":"","theme-transparent-header-meta":"default","adv-header-id-meta":"","stick-header-meta":"","header-above-stick-meta":"","header-main-stick-meta":"","header-below-stick-meta":"","astra-migrate-meta-layouts":"default","ast-page-background-enabled":"default","ast-page-background-meta":{"desktop":{"background-color":"","background-image":"","background-repeat":"repeat","background-position":"center center","background-size":"auto","background-attachment":"scroll","background-type":"","background-media":"","overlay-type":"","overlay-color":"","overlay-opacity":"","overlay-gradient":""},"tablet":{"background-color":"","background-image":"","background-repeat":"repeat","background-position":"center center","background-size":"auto","background-attachment":"scroll","background-type":"","background-media":"","overlay-type":"","overlay-color":"","overlay-opacity":"","overlay-gradient":""},"mobile":{"background-color":"","background-image":"","background-repeat":"repeat","background-position":"center center","background-size":"auto","background-attachment":"scroll","background-type":"","background-media":"","overlay-type":"","overlay-color":"","overlay-opacity":"","overlay-gradient":""}},"ast-content-background-meta":{"desktop":{"background-color":"var(--ast-global-color-5)","background-image":"","background-repeat":"repeat","background-position":"center center","background-size":"auto","background-attachment":"scroll","background-type":"","background-media":"","overlay-type":"","overlay-color":"","overlay-opacity":"","overlay-gradient":""},"tablet":{"background-color":"var(--ast-global-color-5)","background-image":"","background-repeat":"repeat","background-position":"center center","background-size":"auto","background-attachment":"scroll","background-type":"","background-media":"","overlay-type":"","overlay-color":"","overlay-opacity":"","overlay-gradient":""},"mobile":{"background-color":"var(--ast-global-color-5)","background-image":"","background-repeat":"repeat","background-position":"center center","background-size":"auto","background-attachment":"scroll","background-type":"","background-media":"","overlay-type":"","overlay-color":"","overlay-opacity":"","overlay-gradient":""}},"_joinchat":[]},"product_brand":[],"product_cat":[94],"product_tag":[],"class_list":{"0":"post-8767","1":"product","2":"type-product","3":"status-publish","4":"has-post-thumbnail","6":"product_cat-linea-infantil","7":"desktop-align-left","8":"tablet-align-left","9":"mobile-align-left","11":"first","12":"instock","13":"shipping-taxable","14":"product-type-simple"},"uagb_featured_image_src":{"full":["https:\/\/pleguimex.mx\/wp-content\/uploads\/2022\/10\/Tablon-Infantil-Fibra-de-Vidrio-1.png",430,320,false],"thumbnail":["https:\/\/pleguimex.mx\/wp-content\/uploads\/2022\/10\/Tablon-Infantil-Fibra-de-Vidrio-1-150x150.png",150,150,true],"medium":["https:\/\/pleguimex.mx\/wp-content\/uploads\/2022\/10\/Tablon-Infantil-Fibra-de-Vidrio-1-300x223.png",300,223,true],"medium_large":["https:\/\/pleguimex.mx\/wp-content\/uploads\/2022\/10\/Tablon-Infantil-Fibra-de-Vidrio-1.png",430,320,false],"large":["https:\/\/pleguimex.mx\/wp-content\/uploads\/2022\/10\/Tablon-Infantil-Fibra-de-Vidrio-1.png",430,320,false],"1536x1536":["https:\/\/pleguimex.mx\/wp-content\/uploads\/2022\/10\/Tablon-Infantil-Fibra-de-Vidrio-1.png",430,320,false],"2048x2048":["https:\/\/pleguimex.mx\/wp-content\/uploads\/2022\/10\/Tablon-Infantil-Fibra-de-Vidrio-1.png",430,320,false],"woocommerce_thumbnail":["https:\/\/pleguimex.mx\/wp-content\/uploads\/2022\/10\/Tablon-Infantil-Fibra-de-Vidrio-1-300x300.png",300,300,true],"woocommerce_single":["https:\/\/pleguimex.mx\/wp-content\/uploads\/2022\/10\/Tablon-Infantil-Fibra-de-Vidrio-1.png",430,320,false],"woocommerce_gallery_thumbnail":["https:\/\/pleguimex.mx\/wp-content\/uploads\/2022\/10\/Tablon-Infantil-Fibra-de-Vidrio-1-100x100.png",100,100,true],"quick_view_image_size":["https:\/\/pleguimex.mx\/wp-content\/uploads\/2022\/10\/Tablon-Infantil-Fibra-de-Vidrio-1.png",430,320,false],"yith-woocompare-image":["https:\/\/pleguimex.mx\/wp-content\/uploads\/2022\/10\/Tablon-Infantil-Fibra-de-Vidrio-1-220x154.png",220,154,true]},"uagb_author_info":{"display_name":"Admin","author_link":"https:\/\/pleguimex.mx\/?author=0"},"uagb_comment_info":0,"uagb_excerpt":"Cubierta en fibra de vidrio Resistente a la humedad Tubo de acero en perfil de 1 1\u20444 x 3\u20444 cal 20 Patas en tubo redondo de 1\u201d calibre 20 Pintura horneada electrost\u00e1tica Cubre canto de aluminio","_links":{"self":[{"href":"https:\/\/pleguimex.mx\/index.php?rest_route=\/wp\/v2\/product\/8767","targetHints":{"allow":["GET"]}}],"collection":[{"href":"https:\/\/pleguimex.mx\/index.php?rest_route=\/wp\/v2\/product"}],"about":[{"href":"https:\/\/pleguimex.mx\/index.php?rest_route=\/wp\/v2\/types\/product"}],"wp:featuredmedia":[{"embeddable":true,"href":"https:\/\/pleguimex.mx\/index.php?rest_route=\/wp\/v2\/media\/8769"}],"wp:attachment":[{"href":"https:\/\/pleguimex.mx\/index.php?rest_route=%2Fwp%2Fv2%2Fmedia&parent=8767"}],"wp:term":[{"taxonomy":"product_brand","embeddable":true,"href":"https:\/\/pleguimex.mx\/index.php?rest_route=%2Fwp%2Fv2%2Fproduct_brand&post=8767"},{"taxonomy":"product_cat","embeddable":true,"href":"https:\/\/pleguimex.mx\/index.php?rest_route=%2Fwp%2Fv2%2Fproduct_cat&post=8767"},{"taxonomy":"product_tag","embeddable":true,"href":"https:\/\/pleguimex.mx\/index.php?rest_route=%2Fwp%2Fv2%2Fproduct_tag&post=8767"}],"curies":[{"name":"wp","href":"https:\/\/api.w.org\/{rel}","templated":true}]}}